{"id":179,"date":"2021-10-28T16:35:40","date_gmt":"2021-10-28T14:35:40","guid":{"rendered":"http:\/\/provenza.fr\/?page_id=179"},"modified":"2023-06-12T12:27:11","modified_gmt":"2023-06-12T10:27:11","slug":"projets","status":"publish","type":"page","link":"https:\/\/provenza.fr\/index.php\/projets\/","title":{"rendered":"PROJETS"},"content":{"rendered":"\t\t<div data-elementor-type=\"wp-page\" data-elementor-id=\"179\" class=\"elementor elementor-179\" data-elementor-post-type=\"page\">\n\t\t\t\t\t\t<section class=\"elementor-section elementor-top-section elementor-element elementor-element-25eed27 elementor-section-boxed elementor-section-height-default elementor-section-height-default parallax_section_no qode_elementor_container_no\" data-id=\"25eed27\" data-element_type=\"section\" data-settings=\"{&quot;background_background&quot;:&quot;classic&quot;}\">\n\t\t\t\t\t\t<div class=\"elementor-container elementor-column-gap-default\">\n\t\t\t\t\t<div class=\"elementor-column elementor-col-100 elementor-top-column elementor-element elementor-element-70ddd3f\" data-id=\"70ddd3f\" data-element_type=\"column\">\n\t\t\t<div class=\"elementor-widget-wrap elementor-element-populated\">\n\t\t\t\t\t\t<div class=\"elementor-element elementor-element-e77c214 elementor-widget elementor-widget-heading\" data-id=\"e77c214\" data-element_type=\"widget\" data-widget_type=\"heading.default\">\n\t\t\t\t<div class=\"elementor-widget-container\">\n\t\t\t<h1 class=\"elementor-heading-title elementor-size-default\">D\u00e9couvrez les derniers projets<\/h1>\t\t<\/div>\n\t\t\t\t<\/div>\n\t\t\t\t<div class=\"elementor-element elementor-element-6215da2 elementor-widget elementor-widget-heading\" data-id=\"6215da2\" data-element_type=\"widget\" data-widget_type=\"heading.default\">\n\t\t\t\t<div class=\"elementor-widget-container\">\n\t\t\t<h1 class=\"elementor-heading-title elementor-size-default\">Chaque projet est unique ! C'est dans la diversit\u00e9 des projets que nous g\u00e9rons, que nous puisons notre inspiration et d\u00e9veloppons notre cr\u00e9ativit\u00e9.<\/h1>\t\t<\/div>\n\t\t\t\t<\/div>\n\t\t\t\t\t<\/div>\n\t\t<\/div>\n\t\t\t\t\t<\/div>\n\t\t<\/section>\n\t\t\t\t<section class=\"elementor-section elementor-top-section elementor-element elementor-element-98f5db2 elementor-section-boxed elementor-section-height-default elementor-section-height-default parallax_section_no qode_elementor_container_no\" data-id=\"98f5db2\" data-element_type=\"section\">\n\t\t\t\t\t\t<div class=\"elementor-container elementor-column-gap-default\">\n\t\t\t\t\t<div class=\"elementor-column elementor-col-100 elementor-top-column elementor-element elementor-element-9826b58\" data-id=\"9826b58\" data-element_type=\"column\">\n\t\t\t<div class=\"elementor-widget-wrap elementor-element-populated\">\n\t\t\t\t\t\t<div class=\"elementor-element elementor-element-68f81aa elementor-widget elementor-widget-bridge_portfolio_list\" data-id=\"68f81aa\" data-element_type=\"widget\" data-widget_type=\"bridge_portfolio_list.default\">\n\t\t\t\t<div class=\"elementor-widget-container\">\n\t\t\t<div class=\"projects_masonry_wrapper \">\n    \n    <div class='filter_outer'>\n        <div class='filter_holder'>\n            <ul>\n                                    <li class='filter' data-filter='*'>                        <span >All<\/span>\n                    <\/li>\n                \n                                                <li class='filter' data-filter='.portfolio_category_9'>\n                                                        <span >Investissement locatif<\/span>\n                                    <\/li>\n                                                <li class='filter' data-filter='.portfolio_category_7'>\n                                                        <span >R\u00e9sidence principale<\/span>\n                                    <\/li>\n                                                <li class='filter' data-filter='.portfolio_category_29'>\n                                                        <span >R\u00e9sidence secondaire<\/span>\n                                    <\/li>\n            \n            <\/ul>\n        <\/div>\n    <\/div>\n\n\n    <div class=\"projects_masonry_holder portfolio_main_holder gs portfolio_one_by_one\">\n        <div class=\"qode-portfolio-masonry-gallery-grid-sizer\"><\/div>\n        <div class=\"qode-portfolio-masonry-gallery-grid-gutter\"><\/div>\n\n        <article class='portfolio_masonry_item portfolio_category_7 default'>\n    \n    \n    \n    <div class='image_holder'>\n        <a itemprop='url' class='portfolio_link_for_touch' href='https:\/\/provenza.fr\/index.php\/portfolio_page\/la-ciotat\/' target=''>\n            \n<span class='image'><\/span>        <\/a>\n\n        <span class='text_holder'>\n    <span class='text_outer'>\n        <span class='text_inner'>\n            <div class=\"hover_feature_holder_title\">\n                <div class=\"hover_feature_holder_title_inner\">\n                    \n                        \n    <h5 itemprop=\"name\" class=\"portfolio_title entry_title\"><a itemprop=\"url\" href=\"https:\/\/provenza.fr\/index.php\/portfolio_page\/la-ciotat\/\" style=\"font-size: 19px\" target=\"_self\"> La Ciotat<\/a><\/h5>\n\n\n                            <div  class=\"portfolio_separator separator  small center\"><\/div>\n\n                            <span class=\"project_category\" style=\"color: #FFFFFF\" >\n    R\u00e9sidence principale    <\/span>\n\n                                    <\/div>\n            <\/div>\n\n            \n            <span class='feature_holder'>\n                <span class=\"feature_holder_icons\">\n\n                            <a itemprop='image' class='lightbox qbutton small white' title='La Ciotat' href='' data-rel='prettyPhoto[pretty_photo_gallery]'>zoom<\/a>\n    \n                            <a itemprop='url' class='preview qbutton small white' href='https:\/\/provenza.fr\/index.php\/portfolio_page\/la-ciotat\/' target='_self'>voir<\/i><\/a>\n    \n                                    <\/span>\n            <\/span>\n\n            \n        <\/span>\n    <\/span>\n<\/span>\n\n    <\/article><article class='portfolio_masonry_item portfolio_category_7 default'>\n    \n    \n    \n    <div class='image_holder'>\n        <a itemprop='url' class='portfolio_link_for_touch' href='https:\/\/provenza.fr\/index.php\/portfolio_page\/marseille-8eme\/' target=''>\n            \n<span class='image'><img fetchpriority=\"high\" decoding=\"async\" width=\"500\" height=\"500\" src=\"https:\/\/provenza.fr\/wp-content\/uploads\/2023\/06\/layout_projet3-500x500.jpg\" class=\"attachment-portfolio_masonry_regular size-portfolio_masonry_regular wp-post-image\" alt=\"\" srcset=\"https:\/\/provenza.fr\/wp-content\/uploads\/2023\/06\/layout_projet3-500x500.jpg 500w, https:\/\/provenza.fr\/wp-content\/uploads\/2023\/06\/layout_projet3-150x150.jpg 150w, https:\/\/provenza.fr\/wp-content\/uploads\/2023\/06\/layout_projet3-570x570.jpg 570w, https:\/\/provenza.fr\/wp-content\/uploads\/2023\/06\/layout_projet3-1000x1000.jpg 1000w, https:\/\/provenza.fr\/wp-content\/uploads\/2023\/06\/layout_projet3-650x650.jpg 650w\" sizes=\"(max-width: 500px) 100vw, 500px\" \/><\/span>        <\/a>\n\n        <span class='text_holder'>\n    <span class='text_outer'>\n        <span class='text_inner'>\n            <div class=\"hover_feature_holder_title\">\n                <div class=\"hover_feature_holder_title_inner\">\n                    \n                        \n    <h5 itemprop=\"name\" class=\"portfolio_title entry_title\"><a itemprop=\"url\" href=\"https:\/\/provenza.fr\/index.php\/portfolio_page\/marseille-8eme\/\" style=\"font-size: 19px\" target=\"_self\"> Marseille 8\u00e8me<\/a><\/h5>\n\n\n                            <div  class=\"portfolio_separator separator  small center\"><\/div>\n\n                            <span class=\"project_category\" style=\"color: #FFFFFF\" >\n    R\u00e9sidence principale    <\/span>\n\n                                    <\/div>\n            <\/div>\n\n            \n            <span class='feature_holder'>\n                <span class=\"feature_holder_icons\">\n\n                            <a itemprop='image' class='lightbox qbutton small white' title='Marseille 8\u00e8me' href='https:\/\/provenza.fr\/wp-content\/uploads\/2023\/06\/layout_projet3.jpg' data-rel='prettyPhoto[pretty_photo_gallery]'>zoom<\/a>\n    \n                            <a itemprop='url' class='preview qbutton small white' href='https:\/\/provenza.fr\/index.php\/portfolio_page\/marseille-8eme\/' target='_self'>voir<\/i><\/a>\n    \n                                    <\/span>\n            <\/span>\n\n            \n        <\/span>\n    <\/span>\n<\/span>\n\n    <\/article><article class='portfolio_masonry_item portfolio_category_9 default'>\n    \n    \n    \n    <div class='image_holder'>\n        <a itemprop='url' class='portfolio_link_for_touch' href='https:\/\/provenza.fr\/index.php\/portfolio_page\/villa-bandol-fregate\/' target=''>\n            \n<span class='image'><img decoding=\"async\" width=\"500\" height=\"500\" src=\"https:\/\/provenza.fr\/wp-content\/uploads\/2021\/10\/LAYOUT_PROJET1-500x500.jpg\" class=\"attachment-portfolio_masonry_regular size-portfolio_masonry_regular wp-post-image\" alt=\"\" srcset=\"https:\/\/provenza.fr\/wp-content\/uploads\/2021\/10\/LAYOUT_PROJET1-500x500.jpg 500w, https:\/\/provenza.fr\/wp-content\/uploads\/2021\/10\/LAYOUT_PROJET1-150x150.jpg 150w, https:\/\/provenza.fr\/wp-content\/uploads\/2021\/10\/LAYOUT_PROJET1-570x570.jpg 570w, https:\/\/provenza.fr\/wp-content\/uploads\/2021\/10\/LAYOUT_PROJET1-1000x1000.jpg 1000w, https:\/\/provenza.fr\/wp-content\/uploads\/2021\/10\/LAYOUT_PROJET1-650x650.jpg 650w\" sizes=\"(max-width: 500px) 100vw, 500px\" \/><\/span>        <\/a>\n\n        <span class='text_holder'>\n    <span class='text_outer'>\n        <span class='text_inner'>\n            <div class=\"hover_feature_holder_title\">\n                <div class=\"hover_feature_holder_title_inner\">\n                    \n                        \n    <h5 itemprop=\"name\" class=\"portfolio_title entry_title\"><a itemprop=\"url\" href=\"https:\/\/provenza.fr\/index.php\/portfolio_page\/villa-bandol-fregate\/\" style=\"font-size: 19px\" target=\"_self\"> Bandol<\/a><\/h5>\n\n\n                            <div  class=\"portfolio_separator separator  small center\"><\/div>\n\n                            <span class=\"project_category\" style=\"color: #FFFFFF\" >\n    Investissement locatif    <\/span>\n\n                                    <\/div>\n            <\/div>\n\n            \n            <span class='feature_holder'>\n                <span class=\"feature_holder_icons\">\n\n                            <a itemprop='image' class='lightbox qbutton small white' title='Bandol' href='https:\/\/provenza.fr\/wp-content\/uploads\/2021\/10\/LAYOUT_PROJET1.jpg' data-rel='prettyPhoto[pretty_photo_gallery]'>zoom<\/a>\n    \n                            <a itemprop='url' class='preview qbutton small white' href='https:\/\/provenza.fr\/index.php\/portfolio_page\/villa-bandol-fregate\/' target='_self'>voir<\/i><\/a>\n    \n                                    <\/span>\n            <\/span>\n\n            \n        <\/span>\n    <\/span>\n<\/span>\n\n    <\/article><article class='portfolio_masonry_item portfolio_category_29 default'>\n    \n    \n    \n    <div class='image_holder'>\n        <a itemprop='url' class='portfolio_link_for_touch' href='https:\/\/provenza.fr\/index.php\/portfolio_page\/villa-saint-cyr\/' target=''>\n            \n<span class='image'><img decoding=\"async\" width=\"500\" height=\"500\" src=\"https:\/\/provenza.fr\/wp-content\/uploads\/2021\/10\/layout_projet2-500x500.jpg\" class=\"attachment-portfolio_masonry_regular size-portfolio_masonry_regular wp-post-image\" alt=\"\" srcset=\"https:\/\/provenza.fr\/wp-content\/uploads\/2021\/10\/layout_projet2-500x500.jpg 500w, https:\/\/provenza.fr\/wp-content\/uploads\/2021\/10\/layout_projet2-150x150.jpg 150w, https:\/\/provenza.fr\/wp-content\/uploads\/2021\/10\/layout_projet2-570x570.jpg 570w, https:\/\/provenza.fr\/wp-content\/uploads\/2021\/10\/layout_projet2-1000x1000.jpg 1000w, https:\/\/provenza.fr\/wp-content\/uploads\/2021\/10\/layout_projet2-650x650.jpg 650w\" sizes=\"(max-width: 500px) 100vw, 500px\" \/><\/span>        <\/a>\n\n        <span class='text_holder'>\n    <span class='text_outer'>\n        <span class='text_inner'>\n            <div class=\"hover_feature_holder_title\">\n                <div class=\"hover_feature_holder_title_inner\">\n                    \n                        \n    <h5 itemprop=\"name\" class=\"portfolio_title entry_title\"><a itemprop=\"url\" href=\"https:\/\/provenza.fr\/index.php\/portfolio_page\/villa-saint-cyr\/\" style=\"font-size: 19px\" target=\"_self\"> Saint-Cyr-sur-mer<\/a><\/h5>\n\n\n                            <div  class=\"portfolio_separator separator  small center\"><\/div>\n\n                            <span class=\"project_category\" style=\"color: #FFFFFF\" >\n    R\u00e9sidence secondaire    <\/span>\n\n                                    <\/div>\n            <\/div>\n\n            \n            <span class='feature_holder'>\n                <span class=\"feature_holder_icons\">\n\n                            <a itemprop='image' class='lightbox qbutton small white' title='Saint-Cyr-sur-mer' href='https:\/\/provenza.fr\/wp-content\/uploads\/2021\/10\/layout_projet2.jpg' data-rel='prettyPhoto[pretty_photo_gallery]'>zoom<\/a>\n    \n                            <a itemprop='url' class='preview qbutton small white' href='https:\/\/provenza.fr\/index.php\/portfolio_page\/villa-saint-cyr\/' target='_self'>voir<\/i><\/a>\n    \n                                    <\/span>\n            <\/span>\n\n            \n        <\/span>\n    <\/span>\n<\/span>\n\n    <\/article>\n    <\/div>\n<\/div>\t\t<\/div>\n\t\t\t\t<\/div>\n\t\t\t\t\t<\/div>\n\t\t<\/div>\n\t\t\t\t\t<\/div>\n\t\t<\/section>\n\t\t\t\t<section class=\"elementor-section elementor-top-section elementor-element elementor-element-28f0c12 elementor-section-boxed elementor-section-height-default elementor-section-height-default parallax_section_no qode_elementor_container_no\" data-id=\"28f0c12\" data-element_type=\"section\" data-settings=\"{&quot;background_background&quot;:&quot;classic&quot;}\">\n\t\t\t\t\t\t<div class=\"elementor-container elementor-column-gap-default\">\n\t\t\t\t\t<div class=\"elementor-column elementor-col-100 elementor-top-column elementor-element elementor-element-7971d8d\" data-id=\"7971d8d\" data-element_type=\"column\">\n\t\t\t<div class=\"elementor-widget-wrap elementor-element-populated\">\n\t\t\t\t\t\t<div class=\"elementor-element elementor-element-17a7615 elementor-widget elementor-widget-heading\" data-id=\"17a7615\" data-element_type=\"widget\" data-widget_type=\"heading.default\">\n\t\t\t\t<div class=\"elementor-widget-container\">\n\t\t\t<h1 class=\"elementor-heading-title elementor-size-default\">Racontez-nous votre projet !<\/h1>\t\t<\/div>\n\t\t\t\t<\/div>\n\t\t\t\t<div class=\"elementor-element elementor-element-03c4999 elementor-widget elementor-widget-heading\" data-id=\"03c4999\" data-element_type=\"widget\" data-widget_type=\"heading.default\">\n\t\t\t\t<div class=\"elementor-widget-container\">\n\t\t\t<h1 class=\"elementor-heading-title elementor-size-default\">Nous vous dirons comment nous pouvons vous aider pour r\u00e9ussir ensemble votre projet en toute s\u00e9r\u00e9nit\u00e9 !<\/h1>\t\t<\/div>\n\t\t\t\t<\/div>\n\t\t\t\t<div class=\"elementor-element elementor-element-9fd7fc6 elementor-align-center elementor-widget elementor-widget-button\" data-id=\"9fd7fc6\" data-element_type=\"widget\" data-settings=\"{&quot;_animation&quot;:&quot;none&quot;}\" data-widget_type=\"button.default\">\n\t\t\t\t<div class=\"elementor-widget-container\">\n\t\t\t\t\t<div class=\"elementor-button-wrapper\">\n\t\t\t<a class=\"elementor-button elementor-button-link elementor-size-md elementor-animation-pop\" href=\"https:\/\/provenza.fr\/index.php\/contact\/\">\n\t\t\t\t\t\t<span class=\"elementor-button-content-wrapper\">\n\t\t\t\t\t\t\t\t\t<span class=\"elementor-button-text\">CONTACTEZ-NOUS<\/span>\n\t\t\t\t\t<\/span>\n\t\t\t\t\t<\/a>\n\t\t<\/div>\n\t\t\t\t<\/div>\n\t\t\t\t<\/div>\n\t\t\t\t\t<\/div>\n\t\t<\/div>\n\t\t\t\t\t<\/div>\n\t\t<\/section>\n\t\t\t\t<\/div>\n\t\t","protected":false},"excerpt":{"rendered":"<p>D\u00e9couvrez les derniers projets Chaque projet est unique ! C&rsquo;est dans la diversit\u00e9 des projets que nous g\u00e9rons, que nous puisons notre inspiration et d\u00e9veloppons notre cr\u00e9ativit\u00e9. All Immobilier professionnel Investissement locatif R\u00e9sidence principale ou secondaire Bandol Investissement locatif zoom view Bandol Investissement locatif zoom&#8230;<\/p>\n","protected":false},"author":1,"featured_media":0,"parent":0,"menu_order":0,"comment_status":"closed","ping_status":"closed","template":"elementor_header_footer","meta":{"footnotes":""},"class_list":["post-179","page","type-page","status-publish","hentry"],"_links":{"self":[{"href":"https:\/\/provenza.fr\/index.php\/wp-json\/wp\/v2\/pages\/179"}],"collection":[{"href":"https:\/\/provenza.fr\/index.php\/wp-json\/wp\/v2\/pages"}],"about":[{"href":"https:\/\/provenza.fr\/index.php\/wp-json\/wp\/v2\/types\/page"}],"author":[{"embeddable":true,"href":"https:\/\/provenza.fr\/index.php\/wp-json\/wp\/v2\/users\/1"}],"replies":[{"embeddable":true,"href":"https:\/\/provenza.fr\/index.php\/wp-json\/wp\/v2\/comments?post=179"}],"version-history":[{"count":53,"href":"https:\/\/provenza.fr\/index.php\/wp-json\/wp\/v2\/pages\/179\/revisions"}],"predecessor-version":[{"id":1981,"href":"https:\/\/provenza.fr\/index.php\/wp-json\/wp\/v2\/pages\/179\/revisions\/1981"}],"wp:attachment":[{"href":"https:\/\/provenza.fr\/index.php\/wp-json\/wp\/v2\/media?parent=179"}],"curies":[{"name":"wp","href":"https:\/\/api.w.org\/{rel}","templated":true}]}}